{"id":183,"date":"2024-04-14T14:00:02","date_gmt":"2024-04-14T12:00:02","guid":{"rendered":"https:\/\/magdalena-markowska.pl\/?page_id=183"},"modified":"2024-04-18T08:03:09","modified_gmt":"2024-04-18T06:03:09","slug":"edyta-brzoska-wojtowicz","status":"publish","type":"page","link":"https:\/\/magdalena-markowska.pl\/index.php\/edyta-brzoska-wojtowicz\/","title":{"rendered":"Edyta Brz\u00f3ska-W\u00f3jtowicz"},"content":{"rendered":"\n<p>Dr hab. Edyta Brz\u00f3ska-W\u00f3jtowicz, prof. ucz. w Instytucie Biologii Rozwoju i Nauk Biomedycznych, zajmuje si\u0119 mechanizmami regeneracji mi\u0119\u015bni szkieletowych oraz udzia\u0142em kom\u00f3rek macierzystych w tym procesie. Jest laureatk\u0105 nagr\u00f3d za dzia\u0142alno\u015b\u0107 naukow\u0105, mi\u0119dzy innymi Nagrody Fina\u0142owej w ramach programu Nagrody Naukowe Polityki, stypendium Start Fundacji na rzecz Nauki Polskiej oraz\u00a0 Fundacji L\u2019Oreal \u201eDla Kobiet i Nauki\u201d, 8 nagr\u00f3d zespo\u0142owych JM Rektora UW za osi\u0105gni\u0119cia badawcze i Nagrody zespo\u0142owej\u00a0 Ministra Nauki i Szkolnictwa Wy\u017cszego za osi\u0105gni\u0119cia dydaktyczne. By\u0142a kierowniczk\u0105\u00a0 13 projekt\u00f3w (obecnie\u00a0 1 grantu) w tym finansowanych przez NCN, MNiSW, Fundacj\u0119 Naukow\u0105 Polpharmy, FNP i wykonawczyni\u0105 w 9 projektach (NCN, NCBiR). Odbywa\u0142a kr\u00f3tkoterminowy sta\u017c na Uniwersytecie Piotra i Marii Curie w Pary\u017cu. Osiem lat pracowa\u0142a w Centrum Medycznym Kszta\u0142cenia Podyplomowego w Warszawie. Obecnie wsp\u00f3\u0142pracuje lub wsp\u00f3\u0142pracowa\u0142a z Warszawskim Uniwersytetem Medycznym, Centrum Medycznym Kszta\u0142cenia Podyplomowego, Instytutem Medycyny Do\u015bwiadczalnej i Klinicznej im. M. Mossakowskiego PAN, Johns Hopkins University School of Medicine w Baltimore, Narodowym Instytutem Onkologii, Uniwersytetem Gda\u0144skim. Jest autork\u0105 46 publikacji naukowych (<a href=\"https:\/\/orcid.org\/0000-0002-7886-0436\">https:\/\/orcid.org\/0000-0002-7886-0436<\/a>) i wsp\u00f3\u0142autork\u0105 2 patent\u00f3w. Ch\u0119tnie bierze udzia\u0142 w wydarzeniach popularyzuj\u0105cych nauk\u0119 takich jak Noc Biolog\u00f3w, UniStemDay czy Festiwal Nauki.<\/p>\n\n\n\n<h3 class=\"wp-block-heading\">Dzia\u0142alno\u015b\u0107 organizacyjna na Wydziale<\/h3>\n\n\n\n<div class=\"wp-block-getwid-content-timeline\" data-animation=\"none\" data-filling=\"true\"><div class=\"wp-block-getwid-content-timeline__line\"><div class=\"wp-block-getwid-content-timeline__bar\"><\/div><\/div><div class=\"wp-block-getwid-content-timeline__wrapper\">\n<div class=\"wp-block-getwid-content-timeline-item\"><div class=\"wp-block-getwid-content-timeline-item__wrapper\"><div class=\"wp-block-getwid-content-timeline-item__card\"><div class=\"wp-block-getwid-content-timeline-item__card-wrapper\"><div class=\"wp-block-getwid-content-timeline-item__content-wrapper\"><div class=\"wp-block-getwid-content-timeline-item__mobile-meta\"><p class=\"wp-block-getwid-content-timeline-item__meta-content\">2021 \u2013 obecnie<\/p><\/div>\n<p>przewodnicz\u0105ca II Komisji Doktorskiej Rady Naukowej Dyscypliny<\/p>\n\n\n\n<p>przewodnicz\u0105ca Komisji ds. nagr\u00f3d naukowych i dydaktycznych Rady Wydzia\u0142u Biologii UW<\/p>\n<\/div><\/div><\/div><div class=\"wp-block-getwid-content-timeline-item__point\"><div class=\"wp-block-getwid-content-timeline-item__point-content\"><\/div><\/div><div class=\"wp-block-getwid-content-timeline-item__meta\"><p class=\"wp-block-getwid-content-timeline-item__meta-content\">2021 \u2013 obecnie<\/p><\/div><\/div><\/div>\n\n\n\n<div class=\"wp-block-getwid-content-timeline-item\"><div class=\"wp-block-getwid-content-timeline-item__wrapper\"><div class=\"wp-block-getwid-content-timeline-item__card\"><div class=\"wp-block-getwid-content-timeline-item__card-wrapper\"><div class=\"wp-block-getwid-content-timeline-item__content-wrapper\"><div class=\"wp-block-getwid-content-timeline-item__mobile-meta\"><p class=\"wp-block-getwid-content-timeline-item__meta-content\">2019 \u2013 obecnie<\/p><\/div>\n<p>cz\u0142onkini Rady Naukowej Dyscypliny Nauki Biologiczne<\/p>\n\n\n\n<p>cz\u0142onkini Komisji ds. nagr\u00f3d naukowych i dydaktycznych Rady Wydzia\u0142u Biologii UW<\/p>\n<\/div><\/div><\/div><div class=\"wp-block-getwid-content-timeline-item__point\"><div class=\"wp-block-getwid-content-timeline-item__point-content\"><\/div><\/div><div class=\"wp-block-getwid-content-timeline-item__meta\"><p class=\"wp-block-getwid-content-timeline-item__meta-content\">2019 \u2013 obecnie<\/p><\/div><\/div><\/div>\n\n\n\n<div class=\"wp-block-getwid-content-timeline-item\"><div class=\"wp-block-getwid-content-timeline-item__wrapper\"><div class=\"wp-block-getwid-content-timeline-item__card\"><div class=\"wp-block-getwid-content-timeline-item__card-wrapper\"><div class=\"wp-block-getwid-content-timeline-item__content-wrapper\"><div class=\"wp-block-getwid-content-timeline-item__mobile-meta\"><p class=\"wp-block-getwid-content-timeline-item__meta-content\">2019<\/p><\/div>\n<p>wsp\u00f3\u0142autorka dw\u00f3ch patent\u00f3w numer PL 242615 B1 i PL 242803 B1<\/p>\n<\/div><\/div><\/div><div class=\"wp-block-getwid-content-timeline-item__point\"><div class=\"wp-block-getwid-content-timeline-item__point-content\"><\/div><\/div><div class=\"wp-block-getwid-content-timeline-item__meta\"><p class=\"wp-block-getwid-content-timeline-item__meta-content\">2019<\/p><\/div><\/div><\/div>\n\n\n\n<div class=\"wp-block-getwid-content-timeline-item\"><div class=\"wp-block-getwid-content-timeline-item__wrapper\"><div class=\"wp-block-getwid-content-timeline-item__card\"><div class=\"wp-block-getwid-content-timeline-item__card-wrapper\"><div class=\"wp-block-getwid-content-timeline-item__content-wrapper\"><div class=\"wp-block-getwid-content-timeline-item__mobile-meta\"><p class=\"wp-block-getwid-content-timeline-item__meta-content\">2016 \u2013 obecnie<\/p><\/div>\n<p>cz\u0142onkini Rady Wydzia\u0142u Biologii UW<\/p>\n<\/div><\/div><\/div><div class=\"wp-block-getwid-content-timeline-item__point\"><div class=\"wp-block-getwid-content-timeline-item__point-content\"><\/div><\/div><div class=\"wp-block-getwid-content-timeline-item__meta\"><p class=\"wp-block-getwid-content-timeline-item__meta-content\">2016 \u2013 obecnie<\/p><\/div><\/div><\/div>\n\n\n\n<div class=\"wp-block-getwid-content-timeline-item\"><div class=\"wp-block-getwid-content-timeline-item__wrapper\"><div class=\"wp-block-getwid-content-timeline-item__card\"><div class=\"wp-block-getwid-content-timeline-item__card-wrapper\"><div class=\"wp-block-getwid-content-timeline-item__content-wrapper\"><div class=\"wp-block-getwid-content-timeline-item__mobile-meta\"><p class=\"wp-block-getwid-content-timeline-item__meta-content\">2016 \u2013 2023<\/p><\/div>\n<p>cz\u0142onkini Komisji II Rady Wydzia\u0142u Biologii UW ds. przewod\u00f3w doktorskich<\/p>\n<\/div><\/div><\/div><div class=\"wp-block-getwid-content-timeline-item__point\"><div class=\"wp-block-getwid-content-timeline-item__point-content\"><\/div><\/div><div class=\"wp-block-getwid-content-timeline-item__meta\"><p class=\"wp-block-getwid-content-timeline-item__meta-content\">2016 \u2013 2023<\/p><\/div><\/div><\/div>\n\n\n\n<div class=\"wp-block-getwid-content-timeline-item\"><div class=\"wp-block-getwid-content-timeline-item__wrapper\"><div class=\"wp-block-getwid-content-timeline-item__card\"><div class=\"wp-block-getwid-content-timeline-item__card-wrapper\"><div class=\"wp-block-getwid-content-timeline-item__content-wrapper\"><div class=\"wp-block-getwid-content-timeline-item__mobile-meta\"><p class=\"wp-block-getwid-content-timeline-item__meta-content\">2016 \u2013 2019<\/p><\/div>\n<p>cz\u0142onkini Komisji finansowej Wydzia\u0142u Biologii UW<\/p>\n<\/div><\/div><\/div><div class=\"wp-block-getwid-content-timeline-item__point\"><div class=\"wp-block-getwid-content-timeline-item__point-content\"><\/div><\/div><div class=\"wp-block-getwid-content-timeline-item__meta\"><p class=\"wp-block-getwid-content-timeline-item__meta-content\">2016 \u2013 2019<\/p><\/div><\/div><\/div>\n\n\n\n<div class=\"wp-block-getwid-content-timeline-item\"><div class=\"wp-block-getwid-content-timeline-item__wrapper\"><div class=\"wp-block-getwid-content-timeline-item__card\"><div class=\"wp-block-getwid-content-timeline-item__card-wrapper\"><div class=\"wp-block-getwid-content-timeline-item__content-wrapper\"><div class=\"wp-block-getwid-content-timeline-item__mobile-meta\"><p class=\"wp-block-getwid-content-timeline-item__meta-content\">2013 \u2013 2019<\/p><\/div>\n<p>koordynatorka Biura Karier Wydzia\u0142u Biologii UW<\/p>\n<\/div><\/div><\/div><div class=\"wp-block-getwid-content-timeline-item__point\"><div class=\"wp-block-getwid-content-timeline-item__point-content\"><\/div><\/div><div class=\"wp-block-getwid-content-timeline-item__meta\"><p class=\"wp-block-getwid-content-timeline-item__meta-content\">2013 \u2013 2019<\/p><\/div><\/div><\/div>\n\n\n\n<div class=\"wp-block-getwid-content-timeline-item\"><div class=\"wp-block-getwid-content-timeline-item__wrapper\"><div class=\"wp-block-getwid-content-timeline-item__card\"><div class=\"wp-block-getwid-content-timeline-item__card-wrapper\"><div class=\"wp-block-getwid-content-timeline-item__content-wrapper\"><div class=\"wp-block-getwid-content-timeline-item__mobile-meta\"><p class=\"wp-block-getwid-content-timeline-item__meta-content\">2012 \u2013 obecnie<\/p><\/div>\n<p>cz\u0142onkini Komisji konkursowej Wydzia\u0142u Biologii UW<\/p>\n<\/div><\/div><\/div><div class=\"wp-block-getwid-content-timeline-item__point\"><div class=\"wp-block-getwid-content-timeline-item__point-content\"><\/div><\/div><div class=\"wp-block-getwid-content-timeline-item__meta\"><p class=\"wp-block-getwid-content-timeline-item__meta-content\">2012 \u2013 obecnie<\/p><\/div><\/div><\/div>\n<\/div><\/div>\n\n\n\n<p>kontakt: <a href=\"mailto:e.brzoska-wojt@uw.edu.pl\">e.brzoska-wojt@uw.edu.pl<\/a><\/p>\n","protected":false},"excerpt":{"rendered":"<p>Dr hab. Edyta Brz\u00f3ska-W\u00f3jtowicz, prof. ucz. w Instytucie Biologii Rozwoju i Nauk Biomedycznych, zajmuje si\u0119 mechanizmami regeneracji mi\u0119\u015bni szkieletowych oraz udzia\u0142em kom\u00f3rek macierzystych w tym procesie. Jest laureatk\u0105 nagr\u00f3d za dzia\u0142alno\u015b\u0107 naukow\u0105, mi\u0119dzy innymi Nagrody Fina\u0142owej w ramach programu Nagrody Naukowe Polityki, stypendium Start Fundacji na rzecz Nauki Polskiej oraz\u00a0 Fundacji L\u2019Oreal \u201eDla Kobiet i [&hellip;]<\/p>\n","protected":false},"author":1,"featured_media":0,"parent":0,"menu_order":0,"comment_status":"closed","ping_status":"closed","template":"wp-custom-template-szerokie-strony","meta":{"_uag_custom_page_level_css":"","footnotes":""},"class_list":["post-183","page","type-page","status-publish","hentry"],"uagb_featured_image_src":{"full":false,"thumbnail":false,"medium":false,"medium_large":false,"large":false,"1536x1536":false,"2048x2048":false},"uagb_author_info":{"display_name":"meron","author_link":"https:\/\/magdalena-markowska.pl\/index.php\/author\/meron\/"},"uagb_comment_info":0,"uagb_excerpt":"Dr hab. Edyta Brz\u00f3ska-W\u00f3jtowicz, prof. ucz. w Instytucie Biologii Rozwoju i Nauk Biomedycznych, zajmuje si\u0119 mechanizmami regeneracji mi\u0119\u015bni szkieletowych oraz udzia\u0142em kom\u00f3rek macierzystych w tym procesie. Jest laureatk\u0105 nagr\u00f3d za dzia\u0142alno\u015b\u0107 naukow\u0105, mi\u0119dzy innymi Nagrody Fina\u0142owej w ramach programu Nagrody Naukowe Polityki, stypendium Start Fundacji na rzecz Nauki Polskiej oraz\u00a0 Fundacji L\u2019Oreal \u201eDla Kobiet i&hellip;","_links":{"self":[{"href":"https:\/\/magdalena-markowska.pl\/index.php\/wp-json\/wp\/v2\/pages\/183","targetHints":{"allow":["GET"]}}],"collection":[{"href":"https:\/\/magdalena-markowska.pl\/index.php\/wp-json\/wp\/v2\/pages"}],"about":[{"href":"https:\/\/magdalena-markowska.pl\/index.php\/wp-json\/wp\/v2\/types\/page"}],"author":[{"embeddable":true,"href":"https:\/\/magdalena-markowska.pl\/index.php\/wp-json\/wp\/v2\/users\/1"}],"replies":[{"embeddable":true,"href":"https:\/\/magdalena-markowska.pl\/index.php\/wp-json\/wp\/v2\/comments?post=183"}],"version-history":[{"count":22,"href":"https:\/\/magdalena-markowska.pl\/index.php\/wp-json\/wp\/v2\/pages\/183\/revisions"}],"predecessor-version":[{"id":322,"href":"https:\/\/magdalena-markowska.pl\/index.php\/wp-json\/wp\/v2\/pages\/183\/revisions\/322"}],"wp:attachment":[{"href":"https:\/\/magdalena-markowska.pl\/index.php\/wp-json\/wp\/v2\/media?parent=183"}],"curies":[{"name":"wp","href":"https:\/\/api.w.org\/{rel}","templated":true}]}}